{"id":1710,"date":"2023-11-19T23:12:17","date_gmt":"2023-11-19T22:12:17","guid":{"rendered":"https:\/\/shoedesign.atanet.it\/company\/"},"modified":"2025-10-29T11:01:34","modified_gmt":"2025-10-29T10:01:34","slug":"company","status":"publish","type":"page","link":"https:\/\/shoedesign.atanet.it\/en\/company\/","title":{"rendered":"Company"},"content":{"rendered":"\t\t<div data-elementor-type=\"wp-page\" data-elementor-id=\"1710\" class=\"elementor elementor-1710 elementor-500\">\n\t\t\t\t\t\t<section class=\"elementor-section elementor-top-section elementor-element elementor-element-3c653cb elementor-section-full_width elementor-section-height-default elementor-section-height-default\" data-id=\"3c653cb\" data-element_type=\"section\">\n\t\t\t\t\t\t<div class=\"elementor-container elementor-column-gap-no\">\n\t\t\t\t\t<div class=\"elementor-column elementor-col-100 elementor-top-column elementor-element elementor-element-bf430a1\" data-id=\"bf430a1\" data-element_type=\"column\">\n\t\t\t<div class=\"elementor-widget-wrap\">\n\t\t\t\t\t\t\t<\/div>\n\t\t<\/div>\n\t\t\t\t\t<\/div>\n\t\t<\/section>\n\t\t\t\t<section class=\"elementor-section elementor-top-section elementor-element elementor-element-fff631e elementor-section-content-middle elementor-section-boxed elementor-section-height-default elementor-section-height-default\" data-id=\"fff631e\" data-element_type=\"section\">\n\t\t\t\t\t\t<div class=\"elementor-container elementor-column-gap-default\">\n\t\t\t\t\t<div class=\"elementor-column elementor-col-50 elementor-top-column elementor-element elementor-element-f267791\" data-id=\"f267791\" data-element_type=\"column\">\n\t\t\t<div class=\"elementor-widget-wrap elementor-element-populated\">\n\t\t\t\t\t\t<section class=\"elementor-section elementor-inner-section elementor-element elementor-element-fd3f23c elementor-section-boxed elementor-section-height-default elementor-section-height-default\" data-id=\"fd3f23c\" data-element_type=\"section\">\n\t\t\t\t\t\t<div class=\"elementor-container elementor-column-gap-default\">\n\t\t\t\t\t<div class=\"elementor-column elementor-col-100 elementor-inner-column elementor-element elementor-element-848eb19\" data-id=\"848eb19\" data-element_type=\"column\">\n\t\t\t<div class=\"elementor-widget-wrap elementor-element-populated\">\n\t\t\t\t\t\t<div class=\"elementor-element elementor-element-a85cd0c elementor-widget elementor-widget-ashley-about-us\" data-id=\"a85cd0c\" data-element_type=\"widget\" data-widget_type=\"ashley-about-us.default\">\n\t\t\t\t<div class=\"elementor-widget-container\">\n\t\t\t\t\t\n\t\t\n\t\t\t\t<h2 class=\"mil-h2 mil-title-el mil-up mil-mb-30\">\n\t\t\t<span >\n\t\t\t\t<span class=\"mil-thin\">Dal <\/span> concept<span class=\"mil-thin\"><br>alla <\/span>realt\u00e0.\t\t\t<\/span>\n\t\t<\/h2>\n\t\t\n\t\t\t\t\t\t<\/div>\n\t\t\t\t<\/div>\n\t\t\t\t\t<\/div>\n\t\t<\/div>\n\t\t\t\t\t<\/div>\n\t\t<\/section>\n\t\t\t\t<section class=\"elementor-section elementor-inner-section elementor-element elementor-element-67236e8 elementor-section-boxed elementor-section-height-default elementor-section-height-default\" data-id=\"67236e8\" data-element_type=\"section\">\n\t\t\t\t\t\t<div class=\"elementor-container elementor-column-gap-default\">\n\t\t\t\t\t<div class=\"elementor-column elementor-col-100 elementor-inner-column elementor-element elementor-element-27c9996\" data-id=\"27c9996\" data-element_type=\"column\">\n\t\t\t<div class=\"elementor-widget-wrap elementor-element-populated\">\n\t\t\t\t\t\t<div class=\"elementor-element elementor-element-8b9b5c2 elementor-widget elementor-widget-ashley-description\" data-id=\"8b9b5c2\" data-element_type=\"widget\" data-widget_type=\"ashley-description.default\">\n\t\t\t\t<div class=\"elementor-widget-container\">\n\t\t\t\t\t\n\t\t\t\t<div class=\"mil-text mil-up mil-mb-30\">\n\t\t\t<div >\n\t\t\t\t<p data-sourcepos=\"23:1-23:72\">L'artigianalit\u00e0 incontra l'innovazione: questo \u00e8 Goretti Studio Design , un\u00a0 viaggio ed\u00a0 una\u00a0 ricerca continua alla scoperta di nuove forme e materiali.\u00a0<\/p><p data-sourcepos=\"23:1-23:72\">Nato nel 1970\u00a0 dalla passione e\u00a0 visionaria\u00a0 creativita' di Giuliano Goretti, lo studio ha attraversato decenni di evoluzione della moda proponendo sempre\u00a0 un design innovativo di tendenza e originalita' , unendo \u00a0la tradizione dell'artigianato italiano alla tecnologia pi\u00f9 avanzata, creando calzature uniche e di altissima qualit\u00e0.<\/p><p data-sourcepos=\"23:1-23:72\">Ogni nostra creazione \u00e8 il risultato di un processo attento e meticoloso, che parte dall'idea e la sviluppa in ogni sua fase\u00a0 sino\u00a0 alla realizzazione del prototipo finale.<\/p><p data-sourcepos=\"7:1-7:349\">Dalle prime creazioni artigianali, fino alle collaborazioni con i pi\u00f9 grandi brand internazionali come ADIDAS, SKECHERS, HI-TECH , TIMBERLAND, GUESS, GANT, abbiamo maturato un'esperienza unica nel settore delle calzature.<\/p><p data-sourcepos=\"7:1-7:349\">Ogni scarpa che progettiamo nasce da una ricerca costante di innovazione ed attenta selezione dei materiali, per offrire ai nostri clienti\u00a0 un prodotto unico e di altissima qualit\u00e0.<\/p><p data-sourcepos=\"9:1-9:446\">\u00a0A partire dagli anni 80' , guidato da Claudio, seconda generazione della famiglia Goretti, lo Studio ha una svolta decisamente Internazionale\u00a0 prendendo\u00a0 parte\u00a0 a\u00a0 numerose fiere\u00a0 ed\u00a0 eventi\u00a0 del settore\u00a0 conquistando alcuni dei maggiori\u00a0 mercati\u00a0 Europei e Mondiali .\u00a0<\/p><p data-sourcepos=\"9:1-9:446\">Oggi, grazie alla stretta collaborazione con alcuni dei\u00a0 maggiori\u00a0 partners internazionali , siamo in grado di offrire tutta la nostra esperienza e consulenza Tecnico Stilistica al servizio di qualsiasi azienda senta la necessita' di\u00a0 dover delocalizzare le proprie produzioni\u00a0 senza\u00a0 per\u00a0 questo\u00a0 rinunciare\u00a0 ai\u00a0 propri\u00a0 standard\u00a0 qualitativi .<\/p>\t\t\t<\/div>\n\t\t<\/div>\n\t\t\n\t\t\t\t\t\t<\/div>\n\t\t\t\t<\/div>\n\t\t\t\t<div class=\"elementor-element elementor-element-aafa25b elementor-widget elementor-widget-ashley-intro\" data-id=\"aafa25b\" data-element_type=\"widget\" data-widget_type=\"ashley-intro.default\">\n\t\t\t\t<div class=\"elementor-widget-container\">\n\t\t\t\t\t\n\t\t<!-- banner -->\n\t\t\n\t\t<div class=\"mil-inner-banner\">\n\t\t\t\t\t\t<div class=\"mil-banner-content mil-up\">\n\t\t\t\t\t\t\t\t<div class=\"mil-animation-frame\">\n\t\t\t\t\t<div class=\"mil-animation mil-position-4 mil-dark mil-scale\" data-value-1=\"6\" data-value-2=\"1.4\"><\/div>\n\t\t\t\t<\/div>\n\t\t\t\t\t\t\t\t\n\t\t\t\t<div class=\"container\">\n\t\t\t\t\t<ul class=\"mil-breadcrumbs  mil-mb-60\"><li><a href=\"https:\/\/shoedesign.atanet.it\/en\/\" title=\"Goretti Shoe Design\">Home<\/a><\/li><li><a><\/a><\/li><\/ul>\t\t\t\t\t\t\t\t\t\t<h1 class=\"el-title mil-mb-60\">\n\t\t\t\t\t\t<span >\n\t\t\t\t\t\t\t<span class=\"mil-thin\">La nostra<\/span> storia<span class=\"mil-thin\">: <br>una  Ricerca  Continua dell' Eccellenza  <\/span>\t\t\t\t\t\t<\/span>\n\t\t\t\t\t<\/h1>\n\t\t\t\t\t\t\t\t\t\t\t\t\t\t<\/div>\n\t\t\t<\/div>\n\t\t\t\t\t<\/div>\n\n\t\t\t\t<!-- banner end -->\n\n\t\t\t\t\t\t<\/div>\n\t\t\t\t<\/div>\n\t\t\t\t\t<\/div>\n\t\t<\/div>\n\t\t\t\t\t<\/div>\n\t\t<\/section>\n\t\t\t\t\t<\/div>\n\t\t<\/div>\n\t\t\t\t<div class=\"elementor-column elementor-col-50 elementor-top-column elementor-element elementor-element-a2394ad\" data-id=\"a2394ad\" data-element_type=\"column\">\n\t\t\t<div class=\"elementor-widget-wrap elementor-element-populated\">\n\t\t\t\t\t\t<div class=\"elementor-element elementor-element-3a9c606 elementor-widget elementor-widget-video\" data-id=\"3a9c606\" data-element_type=\"widget\" data-settings=\"{&quot;video_type&quot;:&quot;hosted&quot;,&quot;controls&quot;:&quot;yes&quot;}\" data-widget_type=\"video.default\">\n\t\t\t\t<div class=\"elementor-widget-container\">\n\t\t\t\t\t\t\t<div class=\"e-hosted-video elementor-wrapper elementor-open-inline\">\n\t\t\t\t\t<video class=\"elementor-video\" src=\"https:\/\/shoedesign.atanet.it\/wp-content\/uploads\/2024\/10\/Intervista-di-Jo-Squillo-a-Claudio-Goretti-Stilista-Design-Calzature.mp4\" controls=\"\" preload=\"metadata\" controlsList=\"nodownload\" poster=\"https:\/\/shoedesign.atanet.it\/wp-content\/uploads\/2024\/10\/video-1.jpg\"><\/video>\n\t\t\t\t<\/div>\n\t\t\t\t\t\t<\/div>\n\t\t\t\t<\/div>\n\t\t\t\t<div class=\"elementor-element elementor-element-0012660 elementor-widget elementor-widget-video\" data-id=\"0012660\" data-element_type=\"widget\" data-settings=\"{&quot;video_type&quot;:&quot;hosted&quot;,&quot;controls&quot;:&quot;yes&quot;}\" data-widget_type=\"video.default\">\n\t\t\t\t<div class=\"elementor-widget-container\">\n\t\t\t\t\t\t\t<div class=\"e-hosted-video elementor-wrapper elementor-open-inline\">\n\t\t\t\t\t<video class=\"elementor-video\" src=\"https:\/\/shoedesign.atanet.it\/wp-content\/uploads\/2024\/10\/CATWALKS-GORETTI-STUDIO-DESIGN-of-SHOES-COLLECTION-to-the-15th-China-Expo-Shoes.mp4\" controls=\"\" preload=\"metadata\" controlsList=\"nodownload\" poster=\"https:\/\/shoedesign.atanet.it\/wp-content\/uploads\/2024\/10\/video-2.jpg\"><\/video>\n\t\t\t\t<\/div>\n\t\t\t\t\t\t<\/div>\n\t\t\t\t<\/div>\n\t\t\t\t<div class=\"elementor-element elementor-element-b6542bd elementor-widget elementor-widget-video\" data-id=\"b6542bd\" data-element_type=\"widget\" data-settings=\"{&quot;video_type&quot;:&quot;hosted&quot;,&quot;controls&quot;:&quot;yes&quot;}\" data-widget_type=\"video.default\">\n\t\t\t\t<div class=\"elementor-widget-container\">\n\t\t\t\t\t\t\t<div class=\"e-hosted-video elementor-wrapper elementor-open-inline\">\n\t\t\t\t\t<video class=\"elementor-video\" src=\"https:\/\/shoedesign.atanet.it\/wp-content\/uploads\/2024\/10\/Goretti-Studio-Design-italian-shoe-.mp4\" controls=\"\" preload=\"metadata\" controlsList=\"nodownload\" poster=\"https:\/\/shoedesign.atanet.it\/wp-content\/uploads\/2024\/10\/video-3.jpg\"><\/video>\n\t\t\t\t<\/div>\n\t\t\t\t\t\t<\/div>\n\t\t\t\t<\/div>\n\t\t\t\t\t<\/div>\n\t\t<\/div>\n\t\t\t\t\t<\/div>\n\t\t<\/section>\n\t\t\t\t<section class=\"elementor-section elementor-top-section elementor-element elementor-element-13b36372 elementor-section-boxed elementor-section-height-default elementor-section-height-default\" data-id=\"13b36372\" data-element_type=\"section\" data-settings=\"{&quot;background_background&quot;:&quot;classic&quot;}\">\n\t\t\t\t\t\t<div class=\"elementor-container elementor-column-gap-default\">\n\t\t\t\t\t<div class=\"elementor-column elementor-col-100 elementor-top-column elementor-element elementor-element-10cbdf7a\" data-id=\"10cbdf7a\" data-element_type=\"column\">\n\t\t\t<div class=\"elementor-widget-wrap elementor-element-populated\">\n\t\t\t\t\t\t<section class=\"elementor-section elementor-inner-section elementor-element elementor-element-cbce806 elementor-section-boxed elementor-section-height-default elementor-section-height-default\" data-id=\"cbce806\" data-element_type=\"section\">\n\t\t\t\t\t\t<div class=\"elementor-container elementor-column-gap-no\">\n\t\t\t\t\t<div class=\"elementor-column elementor-col-100 elementor-inner-column elementor-element elementor-element-4b4cfab0\" data-id=\"4b4cfab0\" data-element_type=\"column\">\n\t\t\t<div class=\"elementor-widget-wrap\">\n\t\t\t\t\t\t\t<\/div>\n\t\t<\/div>\n\t\t\t\t\t<\/div>\n\t\t<\/section>\n\t\t\t\t<section class=\"elementor-section elementor-inner-section elementor-element elementor-element-3d2e976d elementor-section-boxed elementor-section-height-default elementor-section-height-default\" data-id=\"3d2e976d\" data-element_type=\"section\">\n\t\t\t\t\t\t<div class=\"elementor-container elementor-column-gap-no\">\n\t\t\t\t\t<div class=\"elementor-column elementor-col-100 elementor-inner-column elementor-element elementor-element-68e6e0a5\" data-id=\"68e6e0a5\" data-element_type=\"column\">\n\t\t\t<div class=\"elementor-widget-wrap elementor-element-populated\">\n\t\t\t\t\t\t<div class=\"elementor-element elementor-element-60245646 elementor-widget elementor-widget-ashley-about-us\" data-id=\"60245646\" data-element_type=\"widget\" data-widget_type=\"ashley-about-us.default\">\n\t\t\t\t<div class=\"elementor-widget-container\">\n\t\t\t\t\t\n\t\t\n\t\t\t\t<h2 class=\"mil-h2 mil-title-el mil-up mil-mb-30\">\n\t\t\t<span >\n\t\t\t\tPronto a <span class=\"mil-thin\">trasformare<\/span> i tuoi sogni <br> <span class=\"mil-thin\">in <\/span>realt\u00e0?\t\t\t<\/span>\n\t\t<\/h2>\n\t\t\n\t\t\t\t\t\t<\/div>\n\t\t\t\t<\/div>\n\t\t\t\t<div class=\"elementor-element elementor-element-41b668b elementor-widget__width-initial elementor-widget elementor-widget-ashley-about-us\" data-id=\"41b668b\" data-element_type=\"widget\" data-widget_type=\"ashley-about-us.default\">\n\t\t\t\t<div class=\"elementor-widget-container\">\n\t\t\t\t\t\n\t\t\t\t<span class=\"mil-suptitle mil-suptitle-right mil-suptitle-dark mil-up mil-mb-30\">\n\t\t\t<span >\n\t\t\t\tGoretti Studio Design \u00e8 il tuo partner ideale<br> per essere sempre al passo con le nuove tendenze\t\t\t<\/span>\n\t\t<\/span>\n\t\t\n\t\t\n\t\t\t\t\t\t<\/div>\n\t\t\t\t<\/div>\n\t\t\t\t\t<\/div>\n\t\t<\/div>\n\t\t\t\t\t<\/div>\n\t\t<\/section>\n\t\t\t\t<section class=\"elementor-section elementor-inner-section elementor-element elementor-element-23bba9a4 elementor-section-boxed elementor-section-height-default elementor-section-height-default\" data-id=\"23bba9a4\" data-element_type=\"section\">\n\t\t\t\t\t\t<div class=\"elementor-container elementor-column-gap-no\">\n\t\t\t\t\t<div class=\"elementor-column elementor-col-100 elementor-inner-column elementor-element elementor-element-5875db54\" data-id=\"5875db54\" data-element_type=\"column\">\n\t\t\t<div class=\"elementor-widget-wrap elementor-element-populated\">\n\t\t\t\t\t\t<div class=\"elementor-element elementor-element-11b2f8f9 elementor-widget elementor-widget-ashley-buttons\" data-id=\"11b2f8f9\" data-element_type=\"widget\" data-widget_type=\"ashley-buttons.default\">\n\t\t\t\t<div class=\"elementor-widget-container\">\n\t\t\t\t\t\t\t\n\t\t\t\t<!-- buttons -->\n\t\t<div class=\"mil-up\">\n\t\t\t\t\t\t\t\t\t<a href=\"\/contatti\" class=\"mil-button mil-arrow-place\">\n\t\t\t\t<span >\n\t\t\t\t\tContattaci\t\t\t\t<\/span>\n\t\t\t<\/a>\n\t\t\t\t\t\t\t\t<\/div>\n\t\t<!-- buttons end -->\n\t\t\n\t\t\t\t\t\t<\/div>\n\t\t\t\t<\/div>\n\t\t\t\t\t<\/div>\n\t\t<\/div>\n\t\t\t\t\t<\/div>\n\t\t<\/section>\n\t\t\t\t\t<\/div>\n\t\t<\/div>\n\t\t\t\t\t<\/div>\n\t\t<\/section>\n\t\t\t\t<\/div>\n\t\t","protected":false},"excerpt":{"rendered":"<p>Dal conceptalla realt\u00e0. L&#8217;artigianalit\u00e0 incontra l&#8217;innovazione: questo \u00e8 Goretti Studio Design , un\u00a0 viaggio ed\u00a0 una\u00a0 ricerca continua alla scoperta.. <span class=\"mil-el-more\"><span class=\"mil-link mil-dark mil-arrow-place mil-up\"><span>Read more<\/span><\/span><\/span><\/p>\n","protected":false},"author":2,"featured_media":0,"parent":0,"menu_order":0,"comment_status":"closed","ping_status":"closed","template":"template-layout-builder.php","meta":{"_acf_changed":false,"footnotes":""},"class_list":["post-1710","page","type-page","status-publish","hentry"],"acf":[],"_links":{"self":[{"href":"https:\/\/shoedesign.atanet.it\/en\/wp-json\/wp\/v2\/pages\/1710","targetHints":{"allow":["GET"]}}],"collection":[{"href":"https:\/\/shoedesign.atanet.it\/en\/wp-json\/wp\/v2\/pages"}],"about":[{"href":"https:\/\/shoedesign.atanet.it\/en\/wp-json\/wp\/v2\/types\/page"}],"author":[{"embeddable":true,"href":"https:\/\/shoedesign.atanet.it\/en\/wp-json\/wp\/v2\/users\/2"}],"replies":[{"embeddable":true,"href":"https:\/\/shoedesign.atanet.it\/en\/wp-json\/wp\/v2\/comments?post=1710"}],"version-history":[{"count":13,"href":"https:\/\/shoedesign.atanet.it\/en\/wp-json\/wp\/v2\/pages\/1710\/revisions"}],"predecessor-version":[{"id":2015,"href":"https:\/\/shoedesign.atanet.it\/en\/wp-json\/wp\/v2\/pages\/1710\/revisions\/2015"}],"wp:attachment":[{"href":"https:\/\/shoedesign.atanet.it\/en\/wp-json\/wp\/v2\/media?parent=1710"}],"curies":[{"name":"wp","href":"https:\/\/api.w.org\/{rel}","templated":true}]}}